{"id":1316,"date":"2024-10-31T15:38:48","date_gmt":"2024-10-31T15:38:48","guid":{"rendered":"https:\/\/wpriverthemes.com\/gixus\/?page_id=1316"},"modified":"2025-02-26T13:46:20","modified_gmt":"2025-02-26T13:46:20","slug":"onepage-five","status":"publish","type":"page","link":"https:\/\/qattrocorp.com\/?page_id=1316","title":{"rendered":"OnePage Five"},"content":{"rendered":"\t\t<div data-elementor-type=\"wp-page\" data-elementor-id=\"1316\" class=\"elementor elementor-1316\">\n\t\t\t\t<div class=\"elementor-element elementor-element-2b95e00 e-con-full e-flex e-con e-parent\" data-id=\"2b95e00\" data-element_type=\"container\" id=\"home\">\n\t\t\t\t<div class=\"elementor-element elementor-element-f5f335f elementor-widget elementor-widget-home_five_hero\" data-id=\"f5f335f\" data-element_type=\"widget\" data-widget_type=\"home_five_hero.default\">\n\t\t\t\t<div class=\"elementor-widget-container\">\n\t\t\t\t\t        <div class=\"banner-style-three-area bg-cover\" style=\"background-image: url();\">\n            <div class=\"banner-shape-right-top\"><\/div>\n            <div class=\"banner-style-three\">\n                <div class=\"container\">\n                    <div class=\"content\">\n                        <div class=\"row align-center\">\n                            <div class=\"col-xl-6 col-lg-7 pr-50 pr-md-15 pr-xs-15\">\n                                <div class=\"information\">\n                                    <h4 class=\"wow fadeInUp\" data-wow-duration=\"400ms\">Conexi\u00f3n Minera<\/h4>\n                                    <h2 class=\"wow fadeInUp\" data-wow-delay=\"500ms\" data-wow-duration=\"400ms\">\n                                        Conexi\u00f3n estrat\u00e9gica, <br>en negocios <span class=\"relative\">mineros<\/span>                                    <\/h2>\n                                    <p class=\"wow fadeInUp\" data-wow-delay=\"900ms\" data-wow-duration=\"400ms\">\n                                                                            <\/p>\n                                    <div class=\"button mt-40 wow fadeInUp\" data-wow-delay=\"1200ms\" data-wow-duration=\"400ms\">\n                                        <a class=\"btn btn-md circle btn-theme animation\" href=\"https:\/\/qattrocorp.com\/?page_id=543\">Cont\u00e1ctanos<\/a>\n                                    <\/div>\n                                <\/div>\n                            <\/div>\n                            <div class=\"col-xl-6 col-lg-5 pl-60 pl-md-15 pl-xs-15\">\n                                <div class=\"thumb\">\n                                    <img decoding=\"async\" src=\"https:\/\/qattrocorp.com\/wp-content\/uploads\/2025\/02\/minera-banner.png\" alt=\"Thumb\">\n                                    <div class=\"grow-graph wow fadeInRight\">\n                                        <img decoding=\"async\" src=\"\" alt=\"Image Not Found\">\n                                        <h5 class=\"wow fadeInUp\" data-wow-delay=\"300ms\">Optimizaci\u00f3n<\/h5>\n                                    <\/div>\n                                <\/div>\n                            <\/div>\n                        <\/div>\n                    <\/div>\n                <\/div>\n            <\/div>\n        <\/div>\n        \t\t\t\t<\/div>\n\t\t\t\t<\/div>\n\t\t\t\t<\/div>\n\t\t<div class=\"elementor-element elementor-element-6774120 e-con-full e-flex e-con e-parent\" data-id=\"6774120\" data-element_type=\"container\">\n\t\t\t\t<div class=\"elementor-element elementor-element-c40a189 elementor-widget elementor-widget-about_process_widget\" data-id=\"c40a189\" data-element_type=\"widget\" data-widget_type=\"about_process_widget.default\">\n\t\t\t\t<div class=\"elementor-widget-container\">\n\t\t\t\t\t        <!-- Start Process \n        ============================================= -->\n        <div class=\"process-style-two items default-padding bg-dark text-light\">\n            <div class=\"container\">\n                <div class=\"row\">\n                    <div class=\"col-lg-6\">\n                        <div class=\"site-heading\">\n                            <h4 class=\"sub-title\">Brokers<\/h4>\n                            <h2 class=\"title\">Nuestro equipo<\/h2>\n                        <\/div>\n                    <\/div>\n                <\/div>\n            <\/div>\n            <div class=\"container\">\n                <div class=\"process-style-two-ites default-padding-bottom\">\n                    <div class=\"row\">\n                                                    <!-- Single Item -->\n                            <div class=\"col-lg-4 col-md-6 process-style-two-item wow fadeInUp\" data-wow-delay=\"0ms\">\n                                <div class=\"item\">\n                                    <span><\/span>\n                                    <h4>Broker Mineral<\/h4>\n                                    <p>Javier.mesia@qattrocorp.com<\/p>\n                                <\/div>\n                            <\/div>\n                            <!-- End Single Item -->\n                                                    <!-- Single Item -->\n                            <div class=\"col-lg-4 col-md-6 process-style-two-item wow fadeInUp\" data-wow-delay=\"200ms\">\n                                <div class=\"item\">\n                                    <span><\/span>\n                                    <h4>Broker mineral<\/h4>\n                                    <p>Ricardo.mesia@qattrocorp.com<\/p>\n                                <\/div>\n                            <\/div>\n                            <!-- End Single Item -->\n                                            <\/div>\n                <\/div>\n            <\/div>\n        <\/div>\n        <!-- End Process -->\n        \t\t\t\t<\/div>\n\t\t\t\t<\/div>\n\t\t\t\t<\/div>\n\t\t\t\t<\/div>\n\t\t","protected":false},"excerpt":{"rendered":"<p>Conexi\u00f3n Minera Conexi\u00f3n estrat\u00e9gica, en negocios mineros Cont\u00e1ctanos Optimizaci\u00f3n Brokers Nuestro equipo Broker Mineral Javier.mesia@qattrocorp.com Broker mineral Ricardo.mesia@qattrocorp.com<\/p>\n","protected":false},"author":1,"featured_media":0,"parent":0,"menu_order":0,"comment_status":"closed","ping_status":"closed","template":"page-templates\/home.php","meta":{"footnotes":""},"class_list":["post-1316","page","type-page","status-publish","hentry"],"_links":{"self":[{"href":"https:\/\/qattrocorp.com\/index.php?rest_route=\/wp\/v2\/pages\/1316","targetHints":{"allow":["GET"]}}],"collection":[{"href":"https:\/\/qattrocorp.com\/index.php?rest_route=\/wp\/v2\/pages"}],"about":[{"href":"https:\/\/qattrocorp.com\/index.php?rest_route=\/wp\/v2\/types\/page"}],"author":[{"embeddable":true,"href":"https:\/\/qattrocorp.com\/index.php?rest_route=\/wp\/v2\/users\/1"}],"replies":[{"embeddable":true,"href":"https:\/\/qattrocorp.com\/index.php?rest_route=%2Fwp%2Fv2%2Fcomments&post=1316"}],"version-history":[{"count":11,"href":"https:\/\/qattrocorp.com\/index.php?rest_route=\/wp\/v2\/pages\/1316\/revisions"}],"predecessor-version":[{"id":2054,"href":"https:\/\/qattrocorp.com\/index.php?rest_route=\/wp\/v2\/pages\/1316\/revisions\/2054"}],"wp:attachment":[{"href":"https:\/\/qattrocorp.com\/index.php?rest_route=%2Fwp%2Fv2%2Fmedia&parent=1316"}],"curies":[{"name":"wp","href":"https:\/\/api.w.org\/{rel}","templated":true}]}}