{"id":1947,"date":"2025-02-21T17:38:24","date_gmt":"2025-02-21T17:38:24","guid":{"rendered":"https:\/\/qattrocorp.com\/?page_id=1947"},"modified":"2025-02-26T15:55:32","modified_gmt":"2025-02-26T15:55:32","slug":"home-version-two-2","status":"publish","type":"page","link":"https:\/\/qattrocorp.com\/","title":{"rendered":"Home Version Two2"},"content":{"rendered":"\t\t<div data-elementor-type=\"wp-page\" data-elementor-id=\"1947\" class=\"elementor elementor-1947\">\n\t\t\t\t<div class=\"elementor-element elementor-element-6cf3258 e-con-full e-flex e-con e-parent\" data-id=\"6cf3258\" data-element_type=\"container\" id=\"home\">\n\t\t\t\t<div class=\"elementor-element elementor-element-9815630 elementor-invisible elementor-widget elementor-widget-home2_hero\" data-id=\"9815630\" data-element_type=\"widget\" data-settings=\"{&quot;_animation&quot;:&quot;fadeIn&quot;}\" data-widget_type=\"home2_hero.default\">\n\t\t\t\t<div class=\"elementor-widget-container\">\n\t\t\t\t\t        <div class=\"banner-area banner-style-two content-right navigation-custom-large zoom-effect overflow-hidden text-light\">\n            <div class=\"banner-fade\">\n                <div class=\"swiper-wrapper\">\n                                            <div class=\"swiper-slide banner-style-two\">\n                            <div class=\"banner-thumb bg-cover shadow dark\" style=\"background: url(https:\/\/qattrocorp.com\/wp-content\/uploads\/2025\/02\/minera-banner.png);\"><\/div>\n                            <div class=\"container\">\n                                <div class=\"row align-center\">\n                                    <div class=\"col-xl-7 offset-xl-5 col-lg-10 offset-lg-1\">\n                                        <div class=\"content\">\n                                            <h4>Conexi\u00f3n Minera<\/h4>\n                                            <h2><strong>Facilitamos negocios<\/strong> Optimizamos Recursos.<\/h2>\n                                            <div class=\"button\">\n                                                <a class=\"btn circle btn-gradient btn-md radius animation\" href=\"https:\/\/qattrocorp.com\/?page_id=543\">\n                                                    Cont\u00e1ctanos                                                <\/a>\n                                            <\/div>\n                                        <\/div>\n                                    <\/div>\n                                <\/div>\n                            <\/div>\n\t\t\t\t\t\t\t                        <\/div>\n                                    <\/div>\n                <div class=\"swiper-pagination\"><\/div>\n            <\/div>\n\t\t\t<script>\n        jQuery(document).ready(function($) {\n            const bannerFade = new Swiper('.banner-fade', {\n                direction: 'horizontal',\n                loop: true,\n                autoplay: {\n                    delay: 5001, \/\/ Use slider speed from settings\n                    disableOnInteraction: false,\n                },\n                effect: 'fade',\n                fadeEffect: {\n                    crossFade: true,\n                },\n                speed: 5001, \/\/ Set transition speed\n                pagination: {\n                    el: '.swiper-pagination',\n                    clickable: true,\n                },\n                navigation: {\n                    nextEl: '.swiper-button-next',\n                    prevEl: '.swiper-button-prev',\n                },\n            });\n        });\n        <\/script>\n        <\/div>\n        \t\t\t\t<\/div>\n\t\t\t\t<\/div>\n\t\t\t\t<\/div>\n\t\t<div class=\"elementor-element elementor-element-36ea7c9 e-con-full e-flex e-con e-parent\" data-id=\"36ea7c9\" data-element_type=\"container\" id=\"about\">\n\t\t\t\t<div class=\"elementor-element elementor-element-d451944 elementor-widget elementor-widget-home2_about\" data-id=\"d451944\" data-element_type=\"widget\" data-widget_type=\"home2_about.default\">\n\t\t\t\t<div class=\"elementor-widget-container\">\n\t\t\t\t\t        <div class=\"about-style-three-area default-padding\">\n            <div class=\"container\">\n                <div class=\"row align-center\">\n                    <div class=\"col-lg-6\">\n                        <div class=\"about-style-three-info\">\n                            <h4 class=\"sub-title\">Sobre Nosotros<\/h4>\n                            <h2 class=\"title split-text\">Conectar mercados, culturas, oportunidades.<\/h2>\n                            <p class=\"split-text\">Nosotros facilitamos ese acceso, eliminando barreras y conectando a nuestros clientes con lo mejor del mercado internacional.<\/p>\n                            <div class=\"info-grid mt-50\">\n                                <div class=\"left-info wow fadeInLeft\" data-wow-delay=\"200ms\">\n                                    <div class=\"fun-fact-card-two\">\n                                        <h4 class=\"sub-title\"><\/h4>\n                                        <div class=\"counter-title\">\n                                            <div class=\"counter\">\n                                                <div class=\"timer\" data-to=\"13\" data-speed=\"2000\">13<\/div>\n                                                <div class=\"operator\">+<\/div>\n                                            <\/div>\n                                        <\/div>\n                                        <span class=\"medium\">A\u00f1os de experiencia de nuestros equipo<\/span>\n                                    <\/div>\n                                <\/div>\n                                <div class=\"right-info bg-gradient text-light wow fadeInLeft\" data-wow-delay=\"400ms\">\n                                    <ul class=\"list-style-three\">\n                                                                                    <li>Trade Mineral<\/li>\n                                                                            <\/ul>\n                                <\/div>\n\t\t\t\t\t\t\t\t<style>.about-style-three-info .right-info::after{\n\t\t\t\t\t\t\t\t\t\tbackground: url(https:\/\/qattrocorp.com\/wp-content\/themes\/gixus\/assets\/img\/shape\/22.png);\n\t\t\t\t\t\t\t\t\t}<\/style>\n                            <\/div>\n                        <\/div>\n                    <\/div>\n                    <div class=\"col-lg-5 offset-lg-1\">\n                        <div class=\"thumb-style-two wow fadeInUp\">\n                            <img decoding=\"async\" src=\"https:\/\/qattrocorp.com\/wp-content\/themes\/gixus\/assets\/img\/about\/4.jpg\" alt=\"Image Not Found\">\n                        <\/div>\n                    <\/div>\n                <\/div>\n            <\/div>\n        <\/div>\n        \t\t\t\t<\/div>\n\t\t\t\t<\/div>\n\t\t\t\t<\/div>\n\t\t<div class=\"elementor-element elementor-element-0012c03 e-con-full e-flex e-con e-parent\" data-id=\"0012c03\" data-element_type=\"container\" id=\"feature\">\n\t\t\t\t<div class=\"elementor-element elementor-element-90fcb48 elementor-widget elementor-widget-home2_features\" data-id=\"90fcb48\" data-element_type=\"widget\" data-widget_type=\"home2_features.default\">\n\t\t\t\t<div class=\"elementor-widget-container\">\n\t\t\t\t\t        <div class=\"features-style-two-area default-padding bottom-less bg-gray\">\n            <div class=\"container\">\n                <div class=\"row\">\n                    <div class=\"col-xl-6 offset-xl-3 col-lg-8 offset-lg-2\">\n                        <div class=\"site-heading text-center\">\n                            <h4 class=\"sub-title\">Nuestras caracter\u00edsticas<\/h4>\n                            <h2 class=\"title split-text\">Nuestro objetivo es dar lo mejor a\n nuestros clientes<\/h2>\n                        <\/div>\n                    <\/div>\n                <\/div>\n            <\/div>\n            <div class=\"container\">\n                <div class=\"row\">\n                                            <div class=\"col-xl-4 col-md-6 feature-style-two-item wow fadeInRight\" data-wow-delay=\"0ms\">\n                            <div class=\"feature-style-two\">\n                                <div class=\"thumb\">\n                                    <img decoding=\"async\" src=\"https:\/\/qattrocorp.com\/wp-content\/uploads\/2025\/02\/Diseno-sin-titulo-54.png\" alt=\"Thumb\">\n                                    <div class=\"title\">\n                                        <div class=\"top\">\n                                            <img decoding=\"async\" src=\"https:\/\/wpriverthemes.com\/gixus\/wp-content\/themes\/gixus\/assets\/img\/icon\/13.png\" alt=\"Icon Not Found\">\n                                            <h4><a href=\"\">Conexiones Estrat\u00e9gicas<\/a><\/h4>\n                                        <\/div>\n                                        <a href=\"\"><i class=\"fas fa-long-arrow-right\"><\/i><\/a>\n                                    <\/div>\n                                    <div class=\"overlay text-center\">\n                                        <div class=\"content\">\n                                            <div class=\"icon\">\n                                                <img decoding=\"async\" src=\"https:\/\/wpriverthemes.com\/gixus\/wp-content\/themes\/gixus\/assets\/img\/icon\/13.png\" alt=\"Icon Not Found\">\n                                            <\/div>\n                                            <h4><a href=\"\">Conexiones Estrat\u00e9gicas<\/a><\/h4>\n                                            <p>Establecemos conexiones estrat\u00e9gicas entre empresas para facilitar la compra y venta de minerales.<\/p>\n                                        <\/div>\n                                    <\/div>\n                                <\/div>\n                            <\/div>\n                        <\/div>\n                                            <div class=\"col-xl-4 col-md-6 feature-style-two-item wow fadeInRight\" data-wow-delay=\"200ms\">\n                            <div class=\"feature-style-two\">\n                                <div class=\"thumb\">\n                                    <img decoding=\"async\" src=\"https:\/\/qattrocorp.com\/wp-content\/uploads\/2025\/02\/red.png\" alt=\"Thumb\">\n                                    <div class=\"title\">\n                                        <div class=\"top\">\n                                            <img decoding=\"async\" src=\"https:\/\/wpriverthemes.com\/gixus\/wp-content\/themes\/gixus\/assets\/img\/icon\/14.png\" alt=\"Icon Not Found\">\n                                            <h4><a href=\"\">Red de Contactos <\/a><\/h4>\n                                        <\/div>\n                                        <a href=\"\"><i class=\"fas fa-long-arrow-right\"><\/i><\/a>\n                                    <\/div>\n                                    <div class=\"overlay text-center\">\n                                        <div class=\"content\">\n                                            <div class=\"icon\">\n                                                <img decoding=\"async\" src=\"https:\/\/wpriverthemes.com\/gixus\/wp-content\/themes\/gixus\/assets\/img\/icon\/14.png\" alt=\"Icon Not Found\">\n                                            <\/div>\n                                            <h4><a href=\"\">Red de Contactos <\/a><\/h4>\n                                            <p>A trav\u00e9s de nuestra amplia red de contactos y experiencia en el sector, ofrecemos un servicio de intermediaci\u00f3n eficiente.<\/p>\n                                        <\/div>\n                                    <\/div>\n                                <\/div>\n                            <\/div>\n                        <\/div>\n                                            <div class=\"col-xl-4 col-md-6 feature-style-two-item wow fadeInRight\" data-wow-delay=\"400ms\">\n                            <div class=\"feature-style-two\">\n                                <div class=\"thumb\">\n                                    <img decoding=\"async\" src=\"https:\/\/qattrocorp.com\/wp-content\/uploads\/2025\/02\/red-1.png\" alt=\"Thumb\">\n                                    <div class=\"title\">\n                                        <div class=\"top\">\n                                            <img decoding=\"async\" src=\"https:\/\/wpriverthemes.com\/gixus\/wp-content\/themes\/gixus\/assets\/img\/icon\/15.png\" alt=\"Icon Not Found\">\n                                            <h4><a href=\"\">Profesionalismo<\/a><\/h4>\n                                        <\/div>\n                                        <a href=\"\"><i class=\"fas fa-long-arrow-right\"><\/i><\/a>\n                                    <\/div>\n                                    <div class=\"overlay text-center\">\n                                        <div class=\"content\">\n                                            <div class=\"icon\">\n                                                <img decoding=\"async\" src=\"https:\/\/wpriverthemes.com\/gixus\/wp-content\/themes\/gixus\/assets\/img\/icon\/15.png\" alt=\"Icon Not Found\">\n                                            <\/div>\n                                            <h4><a href=\"\">Profesionalismo<\/a><\/h4>\n                                            <p>Trabajamos con altos est\u00e1ndares de profesionalismo y compromiso para garantizar transacciones exitosa.<\/p>\n                                        <\/div>\n                                    <\/div>\n                                <\/div>\n                            <\/div>\n                        <\/div>\n                                    <\/div>\n            <\/div>\n        <\/div>\n        \t\t\t\t<\/div>\n\t\t\t\t<\/div>\n\t\t\t\t<\/div>\n\t\t\t\t<\/div>\n\t\t","protected":false},"excerpt":{"rendered":"<p>Conexi\u00f3n Minera Facilitamos negocios Optimizamos Recursos. Cont\u00e1ctanos Sobre Nosotros Conectar mercados, culturas, oportunidades. Nosotros facilitamos ese acceso, eliminando barreras y conectando a nuestros clientes con lo mejor del mercado internacional. 13 + A\u00f1os de experiencia de nuestros equipo Trade Mineral Nuestras caracter\u00edsticas Nuestro objetivo es dar lo mejor a nuestros clientes Conexiones Estrat\u00e9gicas Conexiones Estrat\u00e9gicas [&hellip;]<\/p>\n","protected":false},"author":1,"featured_media":0,"parent":0,"menu_order":0,"comment_status":"closed","ping_status":"closed","template":"page-templates\/home.php","meta":{"footnotes":""},"class_list":["post-1947","page","type-page","status-publish","hentry"],"_links":{"self":[{"href":"https:\/\/qattrocorp.com\/index.php?rest_route=\/wp\/v2\/pages\/1947","targetHints":{"allow":["GET"]}}],"collection":[{"href":"https:\/\/qattrocorp.com\/index.php?rest_route=\/wp\/v2\/pages"}],"about":[{"href":"https:\/\/qattrocorp.com\/index.php?rest_route=\/wp\/v2\/types\/page"}],"author":[{"embeddable":true,"href":"https:\/\/qattrocorp.com\/index.php?rest_route=\/wp\/v2\/users\/1"}],"replies":[{"embeddable":true,"href":"https:\/\/qattrocorp.com\/index.php?rest_route=%2Fwp%2Fv2%2Fcomments&post=1947"}],"version-history":[{"count":26,"href":"https:\/\/qattrocorp.com\/index.php?rest_route=\/wp\/v2\/pages\/1947\/revisions"}],"predecessor-version":[{"id":2046,"href":"https:\/\/qattrocorp.com\/index.php?rest_route=\/wp\/v2\/pages\/1947\/revisions\/2046"}],"wp:attachment":[{"href":"https:\/\/qattrocorp.com\/index.php?rest_route=%2Fwp%2Fv2%2Fmedia&parent=1947"}],"curies":[{"name":"wp","href":"https:\/\/api.w.org\/{rel}","templated":true}]}}